{"id":1042,"date":"2022-04-11T10:43:43","date_gmt":"2022-04-11T10:43:43","guid":{"rendered":"https:\/\/lollovers.it\/?page_id=1042"},"modified":"2022-06-06T13:46:29","modified_gmt":"2022-06-06T13:46:29","slug":"eventi","status":"publish","type":"page","link":"https:\/\/lollovers.it\/en\/eventi\/","title":{"rendered":"Eventi e Matrimoni"},"content":{"rendered":"<div data-elementor-type=\"wp-page\" data-elementor-id=\"1042\" class=\"elementor elementor-1042\" data-elementor-post-type=\"page\">\n\t\t\t\t\t\t<section class=\"elementor-section elementor-top-section elementor-element elementor-element-1d4f1f58 elementor-reverse-tablet elementor-reverse-mobile elementor-section-boxed elementor-section-height-default elementor-section-height-default\" data-id=\"1d4f1f58\" data-element_type=\"section\" data-settings=\"{&quot;background_background&quot;:&quot;classic&quot;}\">\n\t\t\t\t\t\t\t<div class=\"elementor-background-overlay\"><\/div>\n\t\t\t\t\t\t\t<div class=\"elementor-container elementor-column-gap-no\">\n\t\t\t\t\t<div class=\"elementor-column elementor-col-50 elementor-top-column elementor-element elementor-element-1cd9a256\" data-id=\"1cd9a256\" data-element_type=\"column\">\n\t\t\t<div class=\"elementor-widget-wrap elementor-element-populated\">\n\t\t\t\t\t\t<div class=\"elementor-element elementor-element-29c54b93 elementor-widget elementor-widget-heading\" data-id=\"29c54b93\" data-element_type=\"widget\" data-widget_type=\"heading.default\">\n\t\t\t\t<div class=\"elementor-widget-container\">\n\t\t\t\t\t<h2 class=\"elementor-heading-title elementor-size-default\">For the more intimate celebrations<\/h2>\t\t\t\t<\/div>\n\t\t\t\t<\/div>\n\t\t\t\t<div class=\"elementor-element elementor-element-7d0cfeb elementor-widget-divider--view-line elementor-widget elementor-widget-divider\" data-id=\"7d0cfeb\" data-element_type=\"widget\" data-widget_type=\"divider.default\">\n\t\t\t\t<div class=\"elementor-widget-container\">\n\t\t\t\t\t\t\t<div class=\"elementor-divider\">\n\t\t\t<span class=\"elementor-divider-separator\">\n\t\t\t\t\t\t<\/span>\n\t\t<\/div>\n\t\t\t\t\t\t<\/div>\n\t\t\t\t<\/div>\n\t\t\t\t<div class=\"elementor-element elementor-element-6f514f7 elementor-widget elementor-widget-heading\" data-id=\"6f514f7\" data-element_type=\"widget\" data-widget_type=\"heading.default\">\n\t\t\t\t<div class=\"elementor-widget-container\">\n\t\t\t\t\t<h1 class=\"elementor-heading-title elementor-size-default\">Events<\/h1>\t\t\t\t<\/div>\n\t\t\t\t<\/div>\n\t\t\t\t\t<\/div>\n\t\t<\/div>\n\t\t\t\t<div class=\"elementor-column elementor-col-50 elementor-top-column elementor-element elementor-element-67ebf931 elementor-hidden-tablet elementor-hidden-phone\" data-id=\"67ebf931\" data-element_type=\"column\">\n\t\t\t<div class=\"elementor-widget-wrap\">\n\t\t\t\t\t\t\t<\/div>\n\t\t<\/div>\n\t\t\t\t\t<\/div>\n\t\t<\/section>\n\t\t\t\t<section class=\"elementor-section elementor-top-section elementor-element elementor-element-aa2f2c9 elementor-reverse-mobile elementor-section-boxed elementor-section-height-default elementor-section-height-default\" data-id=\"aa2f2c9\" data-element_type=\"section\">\n\t\t\t\t\t\t<div class=\"elementor-container elementor-column-gap-no\">\n\t\t\t\t\t<div class=\"elementor-column elementor-col-50 elementor-top-column elementor-element elementor-element-74f5201\" data-id=\"74f5201\" data-element_type=\"column\">\n\t\t\t<div class=\"elementor-widget-wrap elementor-element-populated\">\n\t\t\t\t\t\t<div class=\"elementor-element elementor-element-b8817f9 elementor-widget elementor-widget-image\" data-id=\"b8817f9\" data-element_type=\"widget\" data-widget_type=\"image.default\">\n\t\t\t\t<div class=\"elementor-widget-container\">\n\t\t\t\t\t\t\t\t\t\t\t\t\t\t\t<img fetchpriority=\"high\" decoding=\"async\" width=\"1920\" height=\"1279\" src=\"https:\/\/lollovers.it\/wp-content\/uploads\/2022\/04\/chiesa-lollove-nuoro-sardegna.jpg\" class=\"attachment-full size-full wp-image-966\" alt=\"\" srcset=\"https:\/\/lollovers.it\/wp-content\/uploads\/2022\/04\/chiesa-lollove-nuoro-sardegna.jpg 1920w, https:\/\/lollovers.it\/wp-content\/uploads\/2022\/04\/chiesa-lollove-nuoro-sardegna-300x200.jpg 300w, https:\/\/lollovers.it\/wp-content\/uploads\/2022\/04\/chiesa-lollove-nuoro-sardegna-1024x682.jpg 1024w, https:\/\/lollovers.it\/wp-content\/uploads\/2022\/04\/chiesa-lollove-nuoro-sardegna-768x512.jpg 768w, https:\/\/lollovers.it\/wp-content\/uploads\/2022\/04\/chiesa-lollove-nuoro-sardegna-1536x1023.jpg 1536w\" sizes=\"(max-width: 1920px) 100vw, 1920px\" \/>\t\t\t\t\t\t\t\t\t\t\t\t\t\t\t<\/div>\n\t\t\t\t<\/div>\n\t\t\t\t\t<\/div>\n\t\t<\/div>\n\t\t\t\t<div class=\"elementor-column elementor-col-50 elementor-top-column elementor-element elementor-element-6e870a1\" data-id=\"6e870a1\" data-element_type=\"column\">\n\t\t\t<div class=\"elementor-widget-wrap elementor-element-populated\">\n\t\t\t\t\t\t<div class=\"elementor-element elementor-element-e010346 elementor-widget__width-initial elementor-widget elementor-widget-heading\" data-id=\"e010346\" data-element_type=\"widget\" data-widget_type=\"heading.default\">\n\t\t\t\t<div class=\"elementor-widget-container\">\n\t\t\t\t\t<h3 class=\"elementor-heading-title elementor-size-default\">Events<\/h3>\t\t\t\t<\/div>\n\t\t\t\t<\/div>\n\t\t\t\t<div class=\"elementor-element elementor-element-17ce873 elementor-widget elementor-widget-heading\" data-id=\"17ce873\" data-element_type=\"widget\" data-widget_type=\"heading.default\">\n\t\t\t\t<div class=\"elementor-widget-container\">\n\t\t\t\t\t<h2 class=\"elementor-heading-title elementor-size-default\">Plan your event<\/h2>\t\t\t\t<\/div>\n\t\t\t\t<\/div>\n\t\t\t\t<div class=\"elementor-element elementor-element-3876619 elementor-widget elementor-widget-text-editor\" data-id=\"3876619\" data-element_type=\"widget\" data-widget_type=\"text-editor.default\">\n\t\t\t\t<div class=\"elementor-widget-container\">\n\t\t\t\t\t\t\t\t\t<p>A unique and memorable place to spend your most significant events in life.Thanks to the magic of the village you can live and share moments of great joy with the people you care about most, all while immersed in an atmosphere that fosters you to live the present by sharpening your perception of the senses through a perfect combination of scents, colors and flavors.<\/p><p>Our team is ready to listen and understand your every need in order to help create your special event and to indelibly imprint in your memories a special day pampered by the village.<\/p><p>A place designed for the most intimate celebrations, Lollovers can accommodate up to 100 guests. The rooms are elegantly designed to be both welcoming and engaging. From the Sala Caminetto to the Sala della Locanda, each room has a particular stylistic detailing made of chestnut which frames the whole mix of colors and accents that characterize our rooms.<\/p>\t\t\t\t\t\t\t\t<\/div>\n\t\t\t\t<\/div>\n\t\t\t\t<div class=\"elementor-element elementor-element-b4c32f1 elementor-widget elementor-widget-button\" data-id=\"b4c32f1\" data-element_type=\"widget\" data-widget_type=\"button.default\">\n\t\t\t\t<div class=\"elementor-widget-container\">\n\t\t\t\t\t\t\t\t\t<div class=\"elementor-button-wrapper\">\n\t\t\t\t\t<a class=\"elementor-button elementor-button-link elementor-size-sm\" href=\"https:\/\/lollovers.it\/en\/contatti\/\">\n\t\t\t\t\t\t<span class=\"elementor-button-content-wrapper\">\n\t\t\t\t\t\t\t\t\t<span class=\"elementor-button-text\">CONTACT US<\/span>\n\t\t\t\t\t<\/span>\n\t\t\t\t\t<\/a>\n\t\t\t\t<\/div>\n\t\t\t\t\t\t\t\t<\/div>\n\t\t\t\t<\/div>\n\t\t\t\t\t<\/div>\n\t\t<\/div>\n\t\t\t\t\t<\/div>\n\t\t<\/section>\n\t\t\t\t<section class=\"elementor-section elementor-top-section elementor-element elementor-element-ecb6cca elementor-section-boxed elementor-section-height-default elementor-section-height-default\" data-id=\"ecb6cca\" data-element_type=\"section\">\n\t\t\t\t\t\t<div class=\"elementor-container elementor-column-gap-no\">\n\t\t\t\t\t<div class=\"elementor-column elementor-col-50 elementor-top-column elementor-element elementor-element-70c6c17\" data-id=\"70c6c17\" data-element_type=\"column\">\n\t\t\t<div class=\"elementor-widget-wrap elementor-element-populated\">\n\t\t\t\t\t\t<div class=\"elementor-element elementor-element-bba3ce5 elementor-widget__width-initial elementor-widget elementor-widget-heading\" data-id=\"bba3ce5\" data-element_type=\"widget\" data-widget_type=\"heading.default\">\n\t\t\t\t<div class=\"elementor-widget-container\">\n\t\t\t\t\t<h3 class=\"elementor-heading-title elementor-size-default\">Events<\/h3>\t\t\t\t<\/div>\n\t\t\t\t<\/div>\n\t\t\t\t<div class=\"elementor-element elementor-element-023f1b9 elementor-widget elementor-widget-heading\" data-id=\"023f1b9\" data-element_type=\"widget\" data-widget_type=\"heading.default\">\n\t\t\t\t<div class=\"elementor-widget-container\">\n\t\t\t\t\t<h2 class=\"elementor-heading-title elementor-size-default\">Weddings in Lollove<\/h2>\t\t\t\t<\/div>\n\t\t\t\t<\/div>\n\t\t\t\t<div class=\"elementor-element elementor-element-ca31d4e elementor-widget elementor-widget-text-editor\" data-id=\"ca31d4e\" data-element_type=\"widget\" data-widget_type=\"text-editor.default\">\n\t\t\t\t<div class=\"elementor-widget-container\">\n\t\t\t\t\t\t\t\t\t<p>The garden is the ideal place to relax in the grass, cool off under the canopy, or even to enjoy a nice welcome cocktail!<\/p><p>The attention to detail is also reflected in the menus, agreed upon and tailor-made with our guests, according to tastes and dietary needs, with traditional dishes and desserts always linked to what the farm has to offer in the current season.<\/p><p>Upon request, we will be happy to set up custom-made wedding favors using the products we make, such as jams, liqueurs, sweets and other delicacies that will delight your guests.<\/p><p>Friends and family members who share in these joyous moments can stay in our houses where they may relax and find comfort in traditional Lollovese style, all while immersed in the beautiful countryside of the Barbagia region in Sardinia.<\/p><p>In Lollove you will rediscover the joy of living in the present.<\/p><p>Do you want to celebrate your special event with us in Lollove? Be it a wedding, a confirmation, a graduation or any occasion dear to you, do not hesitate to contact us! We will be happy to help you in any way to create the perfect event.<\/p>\t\t\t\t\t\t\t\t<\/div>\n\t\t\t\t<\/div>\n\t\t\t\t<div class=\"elementor-element elementor-element-81483c0 elementor-widget elementor-widget-button\" data-id=\"81483c0\" data-element_type=\"widget\" data-widget_type=\"button.default\">\n\t\t\t\t<div class=\"elementor-widget-container\">\n\t\t\t\t\t\t\t\t\t<div class=\"elementor-button-wrapper\">\n\t\t\t\t\t<a class=\"elementor-button elementor-button-link elementor-size-sm\" href=\"https:\/\/lollovers.it\/en\/contatti\/\">\n\t\t\t\t\t\t<span class=\"elementor-button-content-wrapper\">\n\t\t\t\t\t\t\t\t\t<span class=\"elementor-button-text\">CONTACT US<\/span>\n\t\t\t\t\t<\/span>\n\t\t\t\t\t<\/a>\n\t\t\t\t<\/div>\n\t\t\t\t\t\t\t\t<\/div>\n\t\t\t\t<\/div>\n\t\t\t\t\t<\/div>\n\t\t<\/div>\n\t\t\t\t<div class=\"elementor-column elementor-col-50 elementor-top-column elementor-element elementor-element-bd72c33\" data-id=\"bd72c33\" data-element_type=\"column\">\n\t\t\t<div class=\"elementor-widget-wrap elementor-element-populated\">\n\t\t\t\t\t\t<div class=\"elementor-element elementor-element-e07b4a4 elementor-widget elementor-widget-image\" data-id=\"e07b4a4\" data-element_type=\"widget\" data-widget_type=\"image.default\">\n\t\t\t\t<div class=\"elementor-widget-container\">\n\t\t\t\t\t\t\t\t\t\t\t\t\t\t\t<img decoding=\"async\" width=\"1920\" height=\"1279\" src=\"https:\/\/lollovers.it\/wp-content\/uploads\/2022\/04\/Lollovers_villaggio-sardegna.jpg\" class=\"attachment-full size-full wp-image-695\" alt=\"Lollove Nuoro Sardegna\" srcset=\"https:\/\/lollovers.it\/wp-content\/uploads\/2022\/04\/Lollovers_villaggio-sardegna.jpg 1920w, https:\/\/lollovers.it\/wp-content\/uploads\/2022\/04\/Lollovers_villaggio-sardegna-300x200.jpg 300w, https:\/\/lollovers.it\/wp-content\/uploads\/2022\/04\/Lollovers_villaggio-sardegna-1024x682.jpg 1024w, https:\/\/lollovers.it\/wp-content\/uploads\/2022\/04\/Lollovers_villaggio-sardegna-768x512.jpg 768w, https:\/\/lollovers.it\/wp-content\/uploads\/2022\/04\/Lollovers_villaggio-sardegna-1536x1023.jpg 1536w\" sizes=\"(max-width: 1920px) 100vw, 1920px\" \/>\t\t\t\t\t\t\t\t\t\t\t\t\t\t\t<\/div>\n\t\t\t\t<\/div>\n\t\t\t\t\t<\/div>\n\t\t<\/div>\n\t\t\t\t\t<\/div>\n\t\t<\/section>\n\t\t\t\t<\/div>","protected":false},"excerpt":{"rendered":"<p>Per le celebrazioni pi\u00f9 intime Eventi eventi Organizza il tuo evento Un luogo unico, per trascorrere e ricordare gli eventi pi\u00f9 significativi della vita. Grazie alla magia del borgo potrai vivere e condividere con le persone che pi\u00f9 ti stanno a cuore dei momenti di grande gioia, in un contesto che ha come obiettivo quello [&hellip;]<\/p>","protected":false},"author":1,"featured_media":0,"parent":0,"menu_order":0,"comment_status":"closed","ping_status":"closed","template":"elementor_header_footer","meta":{"footnotes":""},"class_list":["post-1042","page","type-page","status-publish","hentry"],"yoast_head":"<!-- This site is optimized with the Yoast SEO plugin v25.4 - https:\/\/yoast.com\/wordpress\/plugins\/seo\/ -->\n<title>Eventi &#8226; Matrimoni &#8226; Lollovers<\/title>\n<meta name=\"description\" content=\"Un luogo unico, per trascorrere e ricordare gli eventi pi\u00f9 significativi della vita come sposarsi a Lollove.\" \/>\n<meta name=\"robots\" content=\"index, follow, max-snippet:-1, max-image-preview:large, max-video-preview:-1\" \/>\n<link rel=\"canonical\" href=\"https:\/\/lollovers.it\/en\/eventi\/\" \/>\n<meta property=\"og:locale\" content=\"en_GB\" \/>\n<meta property=\"og:type\" content=\"article\" \/>\n<meta property=\"og:title\" content=\"Eventi &#8226; Matrimoni &#8226; Lollovers\" \/>\n<meta property=\"og:description\" content=\"Un luogo unico, per trascorrere e ricordare gli eventi pi\u00f9 significativi della vita come sposarsi a Lollove.\" \/>\n<meta property=\"og:url\" content=\"https:\/\/lollovers.it\/en\/eventi\/\" \/>\n<meta property=\"og:site_name\" content=\"Lollovers\" \/>\n<meta property=\"article:publisher\" content=\"https:\/\/www.facebook.com\/lollovers.sardegna\/\" \/>\n<meta property=\"article:modified_time\" content=\"2022-06-06T13:46:29+00:00\" \/>\n<meta property=\"og:image\" content=\"http:\/\/lollovers.it\/wp-content\/uploads\/2022\/04\/chiesa-lollove-nuoro-sardegna.jpg\" \/>\n<meta name=\"twitter:card\" content=\"summary_large_image\" \/>\n<meta name=\"twitter:label1\" content=\"Estimated reading time\" \/>\n\t<meta name=\"twitter:data1\" content=\"3 minutes\" \/>\n<script type=\"application\/ld+json\" class=\"yoast-schema-graph\">{\"@context\":\"https:\/\/schema.org\",\"@graph\":[{\"@type\":\"WebPage\",\"@id\":\"https:\/\/lollovers.it\/eventi\/\",\"url\":\"https:\/\/lollovers.it\/eventi\/\",\"name\":\"Eventi &#8226; Matrimoni &#8226; Lollovers\",\"isPartOf\":{\"@id\":\"https:\/\/lollovers.it\/#website\"},\"primaryImageOfPage\":{\"@id\":\"https:\/\/lollovers.it\/eventi\/#primaryimage\"},\"image\":{\"@id\":\"https:\/\/lollovers.it\/eventi\/#primaryimage\"},\"thumbnailUrl\":\"http:\/\/lollovers.it\/wp-content\/uploads\/2022\/04\/chiesa-lollove-nuoro-sardegna.jpg\",\"datePublished\":\"2022-04-11T10:43:43+00:00\",\"dateModified\":\"2022-06-06T13:46:29+00:00\",\"description\":\"Un luogo unico, per trascorrere e ricordare gli eventi pi\u00f9 significativi della vita come sposarsi a Lollove.\",\"breadcrumb\":{\"@id\":\"https:\/\/lollovers.it\/eventi\/#breadcrumb\"},\"inLanguage\":\"en-GB\",\"potentialAction\":[{\"@type\":\"ReadAction\",\"target\":[\"https:\/\/lollovers.it\/eventi\/\"]}]},{\"@type\":\"ImageObject\",\"inLanguage\":\"en-GB\",\"@id\":\"https:\/\/lollovers.it\/eventi\/#primaryimage\",\"url\":\"http:\/\/lollovers.it\/wp-content\/uploads\/2022\/04\/chiesa-lollove-nuoro-sardegna.jpg\",\"contentUrl\":\"http:\/\/lollovers.it\/wp-content\/uploads\/2022\/04\/chiesa-lollove-nuoro-sardegna.jpg\"},{\"@type\":\"BreadcrumbList\",\"@id\":\"https:\/\/lollovers.it\/eventi\/#breadcrumb\",\"itemListElement\":[{\"@type\":\"ListItem\",\"position\":1,\"name\":\"Home\",\"item\":\"https:\/\/lollovers.it\/\"},{\"@type\":\"ListItem\",\"position\":2,\"name\":\"Eventi e Matrimoni\"}]},{\"@type\":\"WebSite\",\"@id\":\"https:\/\/lollovers.it\/#website\",\"url\":\"https:\/\/lollovers.it\/\",\"name\":\"Lollovers\",\"description\":\"Villaggio Esperienze nel cuore della Sardegna\",\"publisher\":{\"@id\":\"https:\/\/lollovers.it\/#organization\"},\"potentialAction\":[{\"@type\":\"SearchAction\",\"target\":{\"@type\":\"EntryPoint\",\"urlTemplate\":\"https:\/\/lollovers.it\/?s={search_term_string}\"},\"query-input\":{\"@type\":\"PropertyValueSpecification\",\"valueRequired\":true,\"valueName\":\"search_term_string\"}}],\"inLanguage\":\"en-GB\"},{\"@type\":\"Organization\",\"@id\":\"https:\/\/lollovers.it\/#organization\",\"name\":\"Lollovers\",\"url\":\"https:\/\/lollovers.it\/\",\"logo\":{\"@type\":\"ImageObject\",\"inLanguage\":\"en-GB\",\"@id\":\"https:\/\/lollovers.it\/#\/schema\/logo\/image\/\",\"url\":\"http:\/\/lollovers.it\/wp-content\/uploads\/2022\/03\/lollovers-logo-green.png\",\"contentUrl\":\"http:\/\/lollovers.it\/wp-content\/uploads\/2022\/03\/lollovers-logo-green.png\",\"width\":182,\"height\":75,\"caption\":\"Lollovers\"},\"image\":{\"@id\":\"https:\/\/lollovers.it\/#\/schema\/logo\/image\/\"},\"sameAs\":[\"https:\/\/www.facebook.com\/lollovers.sardegna\/\",\"https:\/\/www.instagram.com\/lollovexp\/\"]}]}<\/script>\n<!-- \/ Yoast SEO plugin. -->","yoast_head_json":{"title":"Eventi &#8226; Matrimoni &#8226; Lollovers","description":"Un luogo unico, per trascorrere e ricordare gli eventi pi\u00f9 significativi della vita come sposarsi a Lollove.","robots":{"index":"index","follow":"follow","max-snippet":"max-snippet:-1","max-image-preview":"max-image-preview:large","max-video-preview":"max-video-preview:-1"},"canonical":"https:\/\/lollovers.it\/en\/eventi\/","og_locale":"en_GB","og_type":"article","og_title":"Eventi &#8226; Matrimoni &#8226; Lollovers","og_description":"Un luogo unico, per trascorrere e ricordare gli eventi pi\u00f9 significativi della vita come sposarsi a Lollove.","og_url":"https:\/\/lollovers.it\/en\/eventi\/","og_site_name":"Lollovers","article_publisher":"https:\/\/www.facebook.com\/lollovers.sardegna\/","article_modified_time":"2022-06-06T13:46:29+00:00","og_image":[{"url":"http:\/\/lollovers.it\/wp-content\/uploads\/2022\/04\/chiesa-lollove-nuoro-sardegna.jpg","type":"","width":"","height":""}],"twitter_card":"summary_large_image","twitter_misc":{"Estimated reading time":"3 minutes"},"schema":{"@context":"https:\/\/schema.org","@graph":[{"@type":"WebPage","@id":"https:\/\/lollovers.it\/eventi\/","url":"https:\/\/lollovers.it\/eventi\/","name":"Eventi &#8226; Matrimoni &#8226; Lollovers","isPartOf":{"@id":"https:\/\/lollovers.it\/#website"},"primaryImageOfPage":{"@id":"https:\/\/lollovers.it\/eventi\/#primaryimage"},"image":{"@id":"https:\/\/lollovers.it\/eventi\/#primaryimage"},"thumbnailUrl":"http:\/\/lollovers.it\/wp-content\/uploads\/2022\/04\/chiesa-lollove-nuoro-sardegna.jpg","datePublished":"2022-04-11T10:43:43+00:00","dateModified":"2022-06-06T13:46:29+00:00","description":"Un luogo unico, per trascorrere e ricordare gli eventi pi\u00f9 significativi della vita come sposarsi a Lollove.","breadcrumb":{"@id":"https:\/\/lollovers.it\/eventi\/#breadcrumb"},"inLanguage":"en-GB","potentialAction":[{"@type":"ReadAction","target":["https:\/\/lollovers.it\/eventi\/"]}]},{"@type":"ImageObject","inLanguage":"en-GB","@id":"https:\/\/lollovers.it\/eventi\/#primaryimage","url":"http:\/\/lollovers.it\/wp-content\/uploads\/2022\/04\/chiesa-lollove-nuoro-sardegna.jpg","contentUrl":"http:\/\/lollovers.it\/wp-content\/uploads\/2022\/04\/chiesa-lollove-nuoro-sardegna.jpg"},{"@type":"BreadcrumbList","@id":"https:\/\/lollovers.it\/eventi\/#breadcrumb","itemListElement":[{"@type":"ListItem","position":1,"name":"Home","item":"https:\/\/lollovers.it\/"},{"@type":"ListItem","position":2,"name":"Eventi e Matrimoni"}]},{"@type":"WebSite","@id":"https:\/\/lollovers.it\/#website","url":"https:\/\/lollovers.it\/","name":"Lollovers","description":"Villaggio Esperienze nel cuore della Sardegna","publisher":{"@id":"https:\/\/lollovers.it\/#organization"},"potentialAction":[{"@type":"SearchAction","target":{"@type":"EntryPoint","urlTemplate":"https:\/\/lollovers.it\/?s={search_term_string}"},"query-input":{"@type":"PropertyValueSpecification","valueRequired":true,"valueName":"search_term_string"}}],"inLanguage":"en-GB"},{"@type":"Organization","@id":"https:\/\/lollovers.it\/#organization","name":"Lollovers","url":"https:\/\/lollovers.it\/","logo":{"@type":"ImageObject","inLanguage":"en-GB","@id":"https:\/\/lollovers.it\/#\/schema\/logo\/image\/","url":"http:\/\/lollovers.it\/wp-content\/uploads\/2022\/03\/lollovers-logo-green.png","contentUrl":"http:\/\/lollovers.it\/wp-content\/uploads\/2022\/03\/lollovers-logo-green.png","width":182,"height":75,"caption":"Lollovers"},"image":{"@id":"https:\/\/lollovers.it\/#\/schema\/logo\/image\/"},"sameAs":["https:\/\/www.facebook.com\/lollovers.sardegna\/","https:\/\/www.instagram.com\/lollovexp\/"]}]}},"_links":{"self":[{"href":"https:\/\/lollovers.it\/en\/wp-json\/wp\/v2\/pages\/1042","targetHints":{"allow":["GET"]}}],"collection":[{"href":"https:\/\/lollovers.it\/en\/wp-json\/wp\/v2\/pages"}],"about":[{"href":"https:\/\/lollovers.it\/en\/wp-json\/wp\/v2\/types\/page"}],"author":[{"embeddable":true,"href":"https:\/\/lollovers.it\/en\/wp-json\/wp\/v2\/users\/1"}],"replies":[{"embeddable":true,"href":"https:\/\/lollovers.it\/en\/wp-json\/wp\/v2\/comments?post=1042"}],"version-history":[{"count":23,"href":"https:\/\/lollovers.it\/en\/wp-json\/wp\/v2\/pages\/1042\/revisions"}],"predecessor-version":[{"id":1469,"href":"https:\/\/lollovers.it\/en\/wp-json\/wp\/v2\/pages\/1042\/revisions\/1469"}],"wp:attachment":[{"href":"https:\/\/lollovers.it\/en\/wp-json\/wp\/v2\/media?parent=1042"}],"curies":[{"name":"wp","href":"https:\/\/api.w.org\/{rel}","templated":true}]}}